{"id":10,"date":"2024-07-16T20:57:46","date_gmt":"2024-07-16T18:57:46","guid":{"rendered":"https:\/\/cunbav.usac.edu.gt\/?page_id=10"},"modified":"2024-10-14T20:07:30","modified_gmt":"2024-10-14T18:07:30","slug":"historia","status":"publish","type":"page","link":"https:\/\/cunbav.usac.edu.gt\/?page_id=10","title":{"rendered":"HISTORIA"},"content":{"rendered":"\n<div class=\"wp-block-columns is-layout-flex wp-container-core-columns-is-layout-9d6595d7 wp-block-columns-is-layout-flex\">\n<div class=\"wp-block-column is-layout-flow wp-block-column-is-layout-flow\">\n<p class=\"has-black-color has-text-color has-link-color has-medium-font-size wp-elements-1a3bd5c6ee427e34623cc5c4b64e33d7\">El Centro Universitario de Baja Verapaz \u2013CUNBAV- como Instituci\u00f3n de Educaci\u00f3n Superior que representa la presencia de la m\u00e1s de tres veces centenaria Universidad de San Carlos de Guatemala para este departamento, fue creado el 12 de noviembre de 2008 seg\u00fan consta en el punto SEXTO, inciso 6.2, acta No. 28-2008, del Honorable Consejo Superior Universitario en donde se encuentra la aprobaci\u00f3n de la creaci\u00f3n del Centro Universitario de Baja Verapaz, iniciando sus labores en el mes de enero del a\u00f1o 2010, durante este a\u00f1o funcion\u00f3 en las instalaciones del Instituto de Educaci\u00f3n B\u00e1sica por Cooperativa de Ense\u00f1anza de San Miguel Chicaj, Baja Verapaz y luego del a\u00f1o 2011 hasta el 15 de mayo de 2018, en la Escuela Oficial Urbana Mixta del Cant\u00f3n San Juan, San Miguel Chicaj, B.V., de esa fecha hasta hoy en sus propias instalaciones, funcionales y modernas para la atenci\u00f3n de la poblaci\u00f3n estudiantil Baja verapacense.<\/p>\n<\/div>\n\n\n\n<div class=\"wp-block-column is-layout-flow wp-block-column-is-layout-flow\"><div class=\"wp-block-image\">\n<figure class=\"aligncenter size-large is-resized\"><img loading=\"lazy\" decoding=\"async\" width=\"1024\" height=\"768\" src=\"https:\/\/cunbav.usac.edu.gt\/wp-content\/uploads\/2024\/10\/IMG-20240723-WA0031-1024x768.jpg\" alt=\"\" class=\"wp-image-184\" style=\"width:653px;height:auto\" srcset=\"https:\/\/cunbav.usac.edu.gt\/wp-content\/uploads\/2024\/10\/IMG-20240723-WA0031-1024x768.jpg 1024w, https:\/\/cunbav.usac.edu.gt\/wp-content\/uploads\/2024\/10\/IMG-20240723-WA0031-300x225.jpg 300w, https:\/\/cunbav.usac.edu.gt\/wp-content\/uploads\/2024\/10\/IMG-20240723-WA0031-768x576.jpg 768w, https:\/\/cunbav.usac.edu.gt\/wp-content\/uploads\/2024\/10\/IMG-20240723-WA0031-1536x1152.jpg 1536w, https:\/\/cunbav.usac.edu.gt\/wp-content\/uploads\/2024\/10\/IMG-20240723-WA0031.jpg 1600w\" sizes=\"auto, (max-width: 1024px) 100vw, 1024px\" \/><\/figure>\n<\/div><\/div>\n<\/div>\n\n\n\n<p class=\"has-text-align-left has-black-color has-text-color has-link-color has-medium-font-size wp-elements-95ef31a7505c3a29cd306a703014a37f\">Las carreras con las que inici\u00f3 el CUNBAV y que a\u00fan se encuentran desarroll\u00e1ndose son:&nbsp; Licenciatura en Administraci\u00f3n de Empresas, Licenciatura en Ciencias Jur\u00eddicas y Sociales, Abogado y Notario, en el a\u00f1o de 2011, en el mismo a\u00f1o se inicia con la ense\u00f1anza del idioma ingl\u00e9s con el apoyo de la Escuela de Ciencias Ling\u00fc\u00edsticas y CALUSAC; con proyecci\u00f3n y atenci\u00f3n para la poblaci\u00f3n estudiantil del CUNBAV y la poblaci\u00f3n en general de todo el departamento que tenga inter\u00e9s en aprender este idioma, adem\u00e1s se ense\u00f1a actualmente el idioma Maya Ach\u00ed. &nbsp;Luego se introduce la carrera de Ingeniero Agr\u00f3nomo en Sistemas de Producci\u00f3n Agr\u00edcola en el a\u00f1o 2012, continuando en el a\u00f1o 2014 con la Licenciatura en Pedagog\u00eda Administraci\u00f3n Educativa con Orientaci\u00f3n en Medio Ambiente; carrera que cuenta hasta el momento con 163 graduandos.&nbsp; En el a\u00f1o 2015 se apertura el Bufete Popular de la Carrera de Licenciatura en Ciencias Jur\u00eddicas y Sociales, Abogado y Notario y contin\u00faa atendiendo a la poblaci\u00f3n de escasos recursos del departamento en forma totalmente gratuita, con el objetivo principal de cumplir con la misi\u00f3n y la visi\u00f3n del Centro Universitario en la proyecci\u00f3n del desarrollo de la educaci\u00f3n superior del departamento de Baja Verapaz con calidad acad\u00e9mica, equidad de g\u00e9nero y con tecnolog\u00eda y conocimientos de actualidad.&nbsp;<\/p>\n\n\n\n<p><\/p>\n","protected":false},"excerpt":{"rendered":"<p>El Centro Universitario de Baja Verapaz \u2013CUNBAV- como Instituci\u00f3n de Educaci\u00f3n Superior que representa la presencia de la m\u00e1s de tres veces centenaria Universidad de San Carlos de Guatemala para este departamento, fue creado el 12 de noviembre de 2008 seg\u00fan consta en el punto SEXTO, inciso 6.2, acta No. 28-2008, del Honorable Consejo Superior [&hellip;]<\/p>\n","protected":false},"author":1,"featured_media":0,"parent":0,"menu_order":0,"comment_status":"closed","ping_status":"closed","template":"","meta":{"iawp_total_views":31,"footnotes":""},"class_list":["post-10","page","type-page","status-publish","czr-hentry"],"_links":{"self":[{"href":"https:\/\/cunbav.usac.edu.gt\/index.php?rest_route=\/wp\/v2\/pages\/10","targetHints":{"allow":["GET"]}}],"collection":[{"href":"https:\/\/cunbav.usac.edu.gt\/index.php?rest_route=\/wp\/v2\/pages"}],"about":[{"href":"https:\/\/cunbav.usac.edu.gt\/index.php?rest_route=\/wp\/v2\/types\/page"}],"author":[{"embeddable":true,"href":"https:\/\/cunbav.usac.edu.gt\/index.php?rest_route=\/wp\/v2\/users\/1"}],"replies":[{"embeddable":true,"href":"https:\/\/cunbav.usac.edu.gt\/index.php?rest_route=%2Fwp%2Fv2%2Fcomments&post=10"}],"version-history":[{"count":5,"href":"https:\/\/cunbav.usac.edu.gt\/index.php?rest_route=\/wp\/v2\/pages\/10\/revisions"}],"predecessor-version":[{"id":187,"href":"https:\/\/cunbav.usac.edu.gt\/index.php?rest_route=\/wp\/v2\/pages\/10\/revisions\/187"}],"wp:attachment":[{"href":"https:\/\/cunbav.usac.edu.gt\/index.php?rest_route=%2Fwp%2Fv2%2Fmedia&parent=10"}],"curies":[{"name":"wp","href":"https:\/\/api.w.org\/{rel}","templated":true}]}}