{"id":23,"date":"2024-07-16T21:07:26","date_gmt":"2024-07-16T19:07:26","guid":{"rendered":"https:\/\/cunbav.usac.edu.gt\/?page_id=23"},"modified":"2026-03-25T21:06:18","modified_gmt":"2026-03-25T20:06:18","slug":"profesorado-de-ensenanza-media-en-pedagogia-y-tecnico-en-administracion-educativa-con-orientacion-en-medio-ambiente","status":"publish","type":"page","link":"https:\/\/cunbav.usac.edu.gt\/?page_id=23","title":{"rendered":"PROFESORADO DE ENSE\u00d1ANZA MEDIA EN PEDAGOG\u00cdA Y T\u00c9CNICO EN ADMINISTRACI\u00d3N EDUCATIVA CON ORIENTACI\u00d3N EN MEDIO AMBIENTE"},"content":{"rendered":"\n<div class=\"wp-block-columns is-layout-flex wp-container-core-columns-is-layout-9d6595d7 wp-block-columns-is-layout-flex\">\n<div class=\"wp-block-column is-layout-flow wp-block-column-is-layout-flow\">\n<div class=\"wp-block-buttons is-layout-flex wp-block-buttons-is-layout-flex\"><\/div>\n<\/div>\n\n\n\n<div class=\"wp-block-column is-layout-flow wp-block-column-is-layout-flow\">\n<div class=\"wp-block-buttons is-layout-flex wp-block-buttons-is-layout-flex\"><\/div>\n<\/div>\n<\/div>\n\n\n\n<div class=\"wp-block-buttons is-layout-flex wp-block-buttons-is-layout-flex\"><\/div>\n\n\n\n<ul class=\"wp-block-list\">\n<li><a href=\"https:\/\/cunbav.usac.edu.gt\/wp-content\/uploads\/2025\/08\/Pensum_PEM.pdf\" target=\"_blank\" rel=\"noreferrer noopener\">Pensum <\/a><\/li>\n\n\n\n<li><a href=\"https:\/\/cunbav.usac.edu.gt\/wp-content\/uploads\/2025\/03\/Horario1erSR_Pedagogia2025.pdf\" target=\"_blank\" rel=\"noreferrer noopener\">Horario<\/a><\/li>\n\n\n\n<li><a href=\"https:\/\/cunbav.usac.edu.gt\/wp-content\/uploads\/2025\/03\/NORMATIVO-EXAMEN-TECNICO-PROFESIONAL-MODIFICANDOSE.pdf\" target=\"_blank\" rel=\"noreferrer noopener\">Normativo Examen T\u00e9cnico Profesional <\/a><\/li>\n<\/ul>\n","protected":false},"excerpt":{"rendered":"","protected":false},"author":1,"featured_media":0,"parent":0,"menu_order":0,"comment_status":"closed","ping_status":"closed","template":"","meta":{"iawp_total_views":36,"footnotes":""},"class_list":["post-23","page","type-page","status-publish","czr-hentry"],"_links":{"self":[{"href":"https:\/\/cunbav.usac.edu.gt\/index.php?rest_route=\/wp\/v2\/pages\/23","targetHints":{"allow":["GET"]}}],"collection":[{"href":"https:\/\/cunbav.usac.edu.gt\/index.php?rest_route=\/wp\/v2\/pages"}],"about":[{"href":"https:\/\/cunbav.usac.edu.gt\/index.php?rest_route=\/wp\/v2\/types\/page"}],"author":[{"embeddable":true,"href":"https:\/\/cunbav.usac.edu.gt\/index.php?rest_route=\/wp\/v2\/users\/1"}],"replies":[{"embeddable":true,"href":"https:\/\/cunbav.usac.edu.gt\/index.php?rest_route=%2Fwp%2Fv2%2Fcomments&post=23"}],"version-history":[{"count":15,"href":"https:\/\/cunbav.usac.edu.gt\/index.php?rest_route=\/wp\/v2\/pages\/23\/revisions"}],"predecessor-version":[{"id":441,"href":"https:\/\/cunbav.usac.edu.gt\/index.php?rest_route=\/wp\/v2\/pages\/23\/revisions\/441"}],"wp:attachment":[{"href":"https:\/\/cunbav.usac.edu.gt\/index.php?rest_route=%2Fwp%2Fv2%2Fmedia&parent=23"}],"curies":[{"name":"wp","href":"https:\/\/api.w.org\/{rel}","templated":true}]}}