{"id":264,"date":"2025-03-13T20:07:53","date_gmt":"2025-03-13T19:07:53","guid":{"rendered":"https:\/\/cunbav.usac.edu.gt\/?page_id=264"},"modified":"2025-04-01T02:18:59","modified_gmt":"2025-04-01T00:18:59","slug":"direccion","status":"publish","type":"page","link":"https:\/\/cunbav.usac.edu.gt\/?page_id=264","title":{"rendered":"Direcci\u00f3n"},"content":{"rendered":"\n<p class=\"has-medium-font-size\">Ente administrativo encargado de planificar, organizar, dirigir, crear los procesos de control y&nbsp;eval\u00faa las funciones administrativas y acad\u00e9micas del Centro Universitario de Baja Verapaz.<\/p>\n\n\n\n<p class=\"has-medium-font-size\"><strong>Lic. Orcelio Hern\u00e1ndez Garc\u00eda<br>Director <\/strong><\/p>\n","protected":false},"excerpt":{"rendered":"<p>Ente administrativo encargado de planificar, organizar, dirigir, crear los procesos de control y&nbsp;eval\u00faa las funciones administrativas y acad\u00e9micas del Centro Universitario de Baja Verapaz. Lic. Orcelio Hern\u00e1ndez Garc\u00edaDirector<\/p>\n","protected":false},"author":2,"featured_media":0,"parent":0,"menu_order":0,"comment_status":"closed","ping_status":"closed","template":"","meta":{"iawp_total_views":8,"footnotes":""},"class_list":["post-264","page","type-page","status-publish","czr-hentry"],"_links":{"self":[{"href":"https:\/\/cunbav.usac.edu.gt\/index.php?rest_route=\/wp\/v2\/pages\/264","targetHints":{"allow":["GET"]}}],"collection":[{"href":"https:\/\/cunbav.usac.edu.gt\/index.php?rest_route=\/wp\/v2\/pages"}],"about":[{"href":"https:\/\/cunbav.usac.edu.gt\/index.php?rest_route=\/wp\/v2\/types\/page"}],"author":[{"embeddable":true,"href":"https:\/\/cunbav.usac.edu.gt\/index.php?rest_route=\/wp\/v2\/users\/2"}],"replies":[{"embeddable":true,"href":"https:\/\/cunbav.usac.edu.gt\/index.php?rest_route=%2Fwp%2Fv2%2Fcomments&post=264"}],"version-history":[{"count":3,"href":"https:\/\/cunbav.usac.edu.gt\/index.php?rest_route=\/wp\/v2\/pages\/264\/revisions"}],"predecessor-version":[{"id":394,"href":"https:\/\/cunbav.usac.edu.gt\/index.php?rest_route=\/wp\/v2\/pages\/264\/revisions\/394"}],"wp:attachment":[{"href":"https:\/\/cunbav.usac.edu.gt\/index.php?rest_route=%2Fwp%2Fv2%2Fmedia&parent=264"}],"curies":[{"name":"wp","href":"https:\/\/api.w.org\/{rel}","templated":true}]}}