{"id":27,"date":"2024-07-16T21:08:05","date_gmt":"2024-07-16T19:08:05","guid":{"rendered":"https:\/\/cunbav.usac.edu.gt\/?page_id=27"},"modified":"2026-02-20T03:46:05","modified_gmt":"2026-02-20T02:46:05","slug":"ingeniero-agronomo-en-sistemas-de-produccion-agricola","status":"publish","type":"page","link":"https:\/\/cunbav.usac.edu.gt\/?page_id=27","title":{"rendered":"INGENIERO AGR\u00d3NOMO EN SISTEMAS DE PRODUCCI\u00d3N AGR\u00cdCOLA"},"content":{"rendered":"\n<div class=\"wp-block-columns is-layout-flex wp-container-core-columns-is-layout-9d6595d7 wp-block-columns-is-layout-flex\">\n<div class=\"wp-block-column is-layout-flow wp-block-column-is-layout-flow\">\n<div class=\"wp-block-buttons is-layout-flex wp-block-buttons-is-layout-flex\"><\/div>\n<\/div>\n\n\n\n<div class=\"wp-block-column is-layout-flow wp-block-column-is-layout-flow\">\n<div class=\"wp-block-buttons is-layout-flex wp-block-buttons-is-layout-flex\"><\/div>\n<\/div>\n<\/div>\n\n\n\n<ul class=\"wp-block-list\">\n<li><a href=\"https:\/\/cunbav.usac.edu.gt\/wp-content\/uploads\/2026\/02\/CALENDARIO_OFICIAL_2026_PARCIALES_FINALES_AGRO_1S_2026.pdf\" target=\"_blank\" rel=\"noreferrer noopener\">Pensum<\/a><\/li>\n\n\n\n<li><a href=\"https:\/\/cunbav.usac.edu.gt\/wp-content\/uploads\/2025\/03\/Horario1erSR_Agreonomia2025.pdf\" target=\"_blank\" rel=\"noreferrer noopener\">Horario<\/a><\/li>\n\n\n\n<li><a href=\"https:\/\/cunbav.usac.edu.gt\/wp-content\/uploads\/2025\/03\/NORMATIVA-DE-EVALUACION-Y-PROMOCION-DE-INGENIERO-AGRONOMO-EN-SISTEMAS-DE-PRODUCCION-AGRICOLA.pdf\" target=\"_blank\" rel=\"noreferrer noopener\">Normativo<\/a><\/li>\n<\/ul>\n\n\n\n<p><\/p>\n","protected":false},"excerpt":{"rendered":"","protected":false},"author":1,"featured_media":0,"parent":0,"menu_order":0,"comment_status":"closed","ping_status":"closed","template":"","meta":{"iawp_total_views":79,"footnotes":""},"class_list":["post-27","page","type-page","status-publish","czr-hentry"],"_links":{"self":[{"href":"https:\/\/cunbav.usac.edu.gt\/index.php?rest_route=\/wp\/v2\/pages\/27","targetHints":{"allow":["GET"]}}],"collection":[{"href":"https:\/\/cunbav.usac.edu.gt\/index.php?rest_route=\/wp\/v2\/pages"}],"about":[{"href":"https:\/\/cunbav.usac.edu.gt\/index.php?rest_route=\/wp\/v2\/types\/page"}],"author":[{"embeddable":true,"href":"https:\/\/cunbav.usac.edu.gt\/index.php?rest_route=\/wp\/v2\/users\/1"}],"replies":[{"embeddable":true,"href":"https:\/\/cunbav.usac.edu.gt\/index.php?rest_route=%2Fwp%2Fv2%2Fcomments&post=27"}],"version-history":[{"count":8,"href":"https:\/\/cunbav.usac.edu.gt\/index.php?rest_route=\/wp\/v2\/pages\/27\/revisions"}],"predecessor-version":[{"id":436,"href":"https:\/\/cunbav.usac.edu.gt\/index.php?rest_route=\/wp\/v2\/pages\/27\/revisions\/436"}],"wp:attachment":[{"href":"https:\/\/cunbav.usac.edu.gt\/index.php?rest_route=%2Fwp%2Fv2%2Fmedia&parent=27"}],"curies":[{"name":"wp","href":"https:\/\/api.w.org\/{rel}","templated":true}]}}