{"id":273,"date":"2025-03-13T20:10:29","date_gmt":"2025-03-13T19:10:29","guid":{"rendered":"https:\/\/cunbav.usac.edu.gt\/?page_id=273"},"modified":"2025-04-01T02:28:15","modified_gmt":"2025-04-01T00:28:15","slug":"area-de-planificacion","status":"publish","type":"page","link":"https:\/\/cunbav.usac.edu.gt\/?page_id=273","title":{"rendered":"\u00c1REA DE PLANIFICACI\u00d3N"},"content":{"rendered":"\n<p class=\"has-medium-font-size\">Ente Acad\u00e9mico, administrativo y de infraestructura, que genera, propone soluciones a la problem\u00e1tica social local o nacional dentro de las funciones que le competen. Que beneficie al buen funcionamiento de la Unidad acad\u00e9mica y su relaci\u00f3n con las dem\u00e1s instancias internas o externas a la Universidad.<\/p>\n","protected":false},"excerpt":{"rendered":"<p>Ente Acad\u00e9mico, administrativo y de infraestructura, que genera, propone soluciones a la problem\u00e1tica social local o nacional dentro de las funciones que le competen. Que beneficie al buen funcionamiento de la Unidad acad\u00e9mica y su relaci\u00f3n con las dem\u00e1s instancias internas o externas a la Universidad.<\/p>\n","protected":false},"author":2,"featured_media":0,"parent":0,"menu_order":0,"comment_status":"closed","ping_status":"closed","template":"","meta":{"iawp_total_views":2,"footnotes":""},"class_list":["post-273","page","type-page","status-publish","czr-hentry"],"_links":{"self":[{"href":"https:\/\/cunbav.usac.edu.gt\/index.php?rest_route=\/wp\/v2\/pages\/273","targetHints":{"allow":["GET"]}}],"collection":[{"href":"https:\/\/cunbav.usac.edu.gt\/index.php?rest_route=\/wp\/v2\/pages"}],"about":[{"href":"https:\/\/cunbav.usac.edu.gt\/index.php?rest_route=\/wp\/v2\/types\/page"}],"author":[{"embeddable":true,"href":"https:\/\/cunbav.usac.edu.gt\/index.php?rest_route=\/wp\/v2\/users\/2"}],"replies":[{"embeddable":true,"href":"https:\/\/cunbav.usac.edu.gt\/index.php?rest_route=%2Fwp%2Fv2%2Fcomments&post=273"}],"version-history":[{"count":2,"href":"https:\/\/cunbav.usac.edu.gt\/index.php?rest_route=\/wp\/v2\/pages\/273\/revisions"}],"predecessor-version":[{"id":397,"href":"https:\/\/cunbav.usac.edu.gt\/index.php?rest_route=\/wp\/v2\/pages\/273\/revisions\/397"}],"wp:attachment":[{"href":"https:\/\/cunbav.usac.edu.gt\/index.php?rest_route=%2Fwp%2Fv2%2Fmedia&parent=273"}],"curies":[{"name":"wp","href":"https:\/\/api.w.org\/{rel}","templated":true}]}}