{"id":277,"date":"2025-03-13T20:11:04","date_gmt":"2025-03-13T19:11:04","guid":{"rendered":"https:\/\/cunbav.usac.edu.gt\/?page_id=277"},"modified":"2025-06-07T02:03:24","modified_gmt":"2025-06-07T00:03:24","slug":"area-academica-y-doscencia-directa","status":"publish","type":"page","link":"https:\/\/cunbav.usac.edu.gt\/?page_id=277","title":{"rendered":"\u00c1REA ACAD\u00c9MICA Y DOSCENCIA DIRECTA"},"content":{"rendered":"\n<p class=\"has-medium-font-size\">Es el \u00e1rea donde recae la actividad de docencia directa de las carreras que est\u00e1n autorizadas en el Centro Universitario, que se encarga del quehacer acad\u00e9mico de cada una de las carreras autorizadas para el cumplimiento de la planificaci\u00f3n estrat\u00e9gica de la Universidad de San Carlos de Guatemala y del Centro Universitario.<\/p>\n","protected":false},"excerpt":{"rendered":"<p>Es el \u00e1rea donde recae la actividad de docencia directa de las carreras que est\u00e1n autorizadas en el Centro Universitario, que se encarga del quehacer acad\u00e9mico de cada una de las carreras autorizadas para el cumplimiento de la planificaci\u00f3n estrat\u00e9gica de la Universidad de San Carlos de Guatemala y del Centro Universitario.<\/p>\n","protected":false},"author":2,"featured_media":0,"parent":0,"menu_order":0,"comment_status":"closed","ping_status":"closed","template":"","meta":{"iawp_total_views":14,"footnotes":""},"class_list":["post-277","page","type-page","status-publish","czr-hentry"],"_links":{"self":[{"href":"https:\/\/cunbav.usac.edu.gt\/index.php?rest_route=\/wp\/v2\/pages\/277","targetHints":{"allow":["GET"]}}],"collection":[{"href":"https:\/\/cunbav.usac.edu.gt\/index.php?rest_route=\/wp\/v2\/pages"}],"about":[{"href":"https:\/\/cunbav.usac.edu.gt\/index.php?rest_route=\/wp\/v2\/types\/page"}],"author":[{"embeddable":true,"href":"https:\/\/cunbav.usac.edu.gt\/index.php?rest_route=\/wp\/v2\/users\/2"}],"replies":[{"embeddable":true,"href":"https:\/\/cunbav.usac.edu.gt\/index.php?rest_route=%2Fwp%2Fv2%2Fcomments&post=277"}],"version-history":[{"count":3,"href":"https:\/\/cunbav.usac.edu.gt\/index.php?rest_route=\/wp\/v2\/pages\/277\/revisions"}],"predecessor-version":[{"id":414,"href":"https:\/\/cunbav.usac.edu.gt\/index.php?rest_route=\/wp\/v2\/pages\/277\/revisions\/414"}],"wp:attachment":[{"href":"https:\/\/cunbav.usac.edu.gt\/index.php?rest_route=%2Fwp%2Fv2%2Fmedia&parent=277"}],"curies":[{"name":"wp","href":"https:\/\/api.w.org\/{rel}","templated":true}]}}