{"id":40,"date":"2024-07-16T21:15:50","date_gmt":"2024-07-16T19:15:50","guid":{"rendered":"https:\/\/cunbav.usac.edu.gt\/?page_id=40"},"modified":"2024-09-19T19:58:37","modified_gmt":"2024-09-19T17:58:37","slug":"paso-1-p-o-v-prueba-de-orientacion-vocacional","status":"publish","type":"page","link":"https:\/\/cunbav.usac.edu.gt\/?page_id=40","title":{"rendered":"PASO 1 | P.O.V. PRUEBA DE ORIENTACI\u00d3N VOCACIONAL"},"content":{"rendered":"\n<h2 class=\"wp-block-heading has-text-align-left has-vivid-cyan-blue-color has-text-color has-link-color has-large-font-size wp-elements-578de1e1125405574c99d19128283434\"><strong>Nuevo Ingreso<\/strong> <\/h2>\n\n\n\n<p class=\"has-medium-font-size\">Paso 1 | POV Prueba de Orientaci\u00f3n Vocacional<\/p>\n\n\n\n<p class=\"has-medium-font-size\">Sobre la Prueba de Orientaci\u00f3n Vocacional<\/p>\n\n\n\n<p class=\"has-medium-font-size\">Objetivos de la Prueba de Orientaci\u00f3n Vocacional.<\/p>\n\n\n\n<ol start=\"1\" class=\"wp-block-list\">\n<li class=\"has-medium-font-size\">Brindar al estudiante elementos de referencia que le permitan hacer conciencia de su vocaci\u00f3n a trav\u00e9s de sus resultados.<\/li>\n\n\n\n<li class=\"has-medium-font-size\">Reconocer en el estudiante los intereses de carrera y los factores que intervienen para la elecci\u00f3n de la misma.<\/li>\n<\/ol>\n\n\n\n<h2 class=\"wp-block-heading has-vivid-cyan-blue-color has-text-color has-link-color has-large-font-size wp-elements-1f2d63623fef883ff2f719d136d94307\"><strong>Resultados de la Prueba de Orientaci\u00f3n Vocacional<\/strong><\/h2>\n\n\n\n<p class=\"has-medium-font-size\">La prueba inventario de intereses de estudio es psicom\u00e9trica, no de conocimientos, Seguidamente, se enumeran algunas definiciones para mayor comprensi\u00f3n de la prueba.<\/p>\n\n\n\n<ul class=\"wp-block-list\">\n<li class=\"has-medium-font-size\">Intereses<\/li>\n\n\n\n<li class=\"has-medium-font-size\">Aptitud<\/li>\n\n\n\n<li class=\"has-medium-font-size\">Vocaci\u00f3n<\/li>\n<\/ul>\n\n\n\n<p class=\"has-medium-font-size\">M\u00e1s informaci\u00f3n en\u00a0<a href=\"https:\/\/vocacional.usac.edu.gt\/\" target=\"_blank\" rel=\"noreferrer noopener\">https:\/\/vocacional.usac.edu.gt<\/a><\/p>\n\n\n\n<p class=\"has-medium-font-size\">Video Tutorial para Generar Boleta y Asignaci\u00f3n en L\u00ednea<\/p>\n\n\n\n<p class=\"has-medium-font-size\"><strong><sup>FECHA DE EVALUACIONES ORIENTACI\u00d3N VOCACIONAL<\/sup><\/strong><\/p>\n","protected":false},"excerpt":{"rendered":"<p>Nuevo Ingreso Paso 1 | POV Prueba de Orientaci\u00f3n Vocacional Sobre la Prueba de Orientaci\u00f3n Vocacional Objetivos de la Prueba de Orientaci\u00f3n Vocacional. Resultados de la Prueba de Orientaci\u00f3n Vocacional La prueba inventario de intereses de estudio es psicom\u00e9trica, no de conocimientos, Seguidamente, se enumeran algunas definiciones para mayor comprensi\u00f3n de la prueba. M\u00e1s informaci\u00f3n [&hellip;]<\/p>\n","protected":false},"author":1,"featured_media":0,"parent":0,"menu_order":0,"comment_status":"closed","ping_status":"closed","template":"","meta":{"iawp_total_views":77,"footnotes":""},"class_list":["post-40","page","type-page","status-publish","czr-hentry"],"_links":{"self":[{"href":"https:\/\/cunbav.usac.edu.gt\/index.php?rest_route=\/wp\/v2\/pages\/40","targetHints":{"allow":["GET"]}}],"collection":[{"href":"https:\/\/cunbav.usac.edu.gt\/index.php?rest_route=\/wp\/v2\/pages"}],"about":[{"href":"https:\/\/cunbav.usac.edu.gt\/index.php?rest_route=\/wp\/v2\/types\/page"}],"author":[{"embeddable":true,"href":"https:\/\/cunbav.usac.edu.gt\/index.php?rest_route=\/wp\/v2\/users\/1"}],"replies":[{"embeddable":true,"href":"https:\/\/cunbav.usac.edu.gt\/index.php?rest_route=%2Fwp%2Fv2%2Fcomments&post=40"}],"version-history":[{"count":3,"href":"https:\/\/cunbav.usac.edu.gt\/index.php?rest_route=\/wp\/v2\/pages\/40\/revisions"}],"predecessor-version":[{"id":150,"href":"https:\/\/cunbav.usac.edu.gt\/index.php?rest_route=\/wp\/v2\/pages\/40\/revisions\/150"}],"wp:attachment":[{"href":"https:\/\/cunbav.usac.edu.gt\/index.php?rest_route=%2Fwp%2Fv2%2Fmedia&parent=40"}],"curies":[{"name":"wp","href":"https:\/\/api.w.org\/{rel}","templated":true}]}}