{"id":42,"date":"2024-07-16T21:16:10","date_gmt":"2024-07-16T19:16:10","guid":{"rendered":"https:\/\/cunbav.usac.edu.gt\/?page_id=42"},"modified":"2024-09-19T19:55:31","modified_gmt":"2024-09-19T17:55:31","slug":"paso-2-p-c-b-pruebas-de-conocimientos-basicos","status":"publish","type":"page","link":"https:\/\/cunbav.usac.edu.gt\/?page_id=42","title":{"rendered":"PASO 2 | P.C.B. PRUEBAS DE CONOCIMIENTOS B\u00c1SICOS"},"content":{"rendered":"\n<p class=\"has-text-align-center has-vivid-cyan-blue-color has-text-color has-link-color has-large-font-size wp-elements-48c989ebd216f15a38192d1ff30a86d5\"><strong>Inscripci\u00f3n<\/strong><\/p>\n\n\n\n<p class=\"has-medium-font-size\">Debes de Inscribirte y Asignarte a la Prueba seg\u00fan el requerimiento de la carrera a estudiar.<\/p>\n\n\n\n<figure class=\"wp-block-table aligncenter has-medium-font-size\"><table class=\"has-black-color has-text-color has-link-color has-fixed-layout\"><tbody><tr><td class=\"has-text-align-center\" data-align=\"center\">C<strong>arrera <\/strong><\/td><td><strong>Prueba B\u00e1sica que Requiere<\/strong><\/td><\/tr><tr><td class=\"has-text-align-center\" data-align=\"center\">Profesorado<\/td><td>Lenguaje <\/td><\/tr><tr><td class=\"has-text-align-center\" data-align=\"center\">Derecho<\/td><td>Lenguaje <\/td><\/tr><tr><td class=\"has-text-align-center\" data-align=\"center\">Administraci\u00f3n<\/td><td>Matem\u00e1tica<\/td><\/tr><tr><td class=\"has-text-align-center\" data-align=\"center\">Agronom\u00eda<\/td><td>Lenguaje<\/td><\/tr><\/tbody><\/table><\/figure>\n\n\n\n<h2 class=\"wp-block-heading has-text-align-center has-vivid-cyan-blue-color has-text-color has-link-color has-large-font-size wp-elements-e4a9e075bb229e2fe145cf323cdd7e34\"><strong>Requisitos<\/strong><\/h2>\n\n\n\n<p class=\"has-text-align-left has-medium-font-size\">Tarjeta de Orientaci\u00f3n Vocacional (tarjeta amarilla) o carn\u00e9 universitario.<\/p>\n\n\n\n<p class=\"has-text-align-left has-medium-font-size\">Documento de identificaci\u00f3n con fotograf\u00eda.<\/p>\n\n\n\n<p class=\"has-text-align-left has-medium-font-size\">Nota: realizada la inscripci\u00f3n no se efectuar\u00e1 ning\u00fan cambio en la misma.<\/p>\n\n\n\n<p class=\"has-text-align-left has-medium-font-size\">Aplicaci\u00f3n<\/p>\n\n\n\n<p class=\"has-text-align-left has-medium-font-size\">La fecha, lugar, hora y sal\u00f3n se indica en la constancia de inscripci\u00f3n que se te entrega en el momento en que te inscribes a las Pruebas de Conocimientos B\u00e1sicos.<\/p>\n\n\n\n<p class=\"has-text-align-left has-medium-font-size\">Enlace para inscripci\u00f3n en l\u00ednea:<\/p>\n\n\n\n<p><a href=\"https:\/\/sun.usac.edu.gt\" target=\"_blank\" rel=\"noreferrer noopener\">https:\/\/sun.usac.edu.gt<\/a><\/p>\n\n\n\n<div class=\"wp-block-columns is-layout-flex wp-container-core-columns-is-layout-9d6595d7 wp-block-columns-is-layout-flex\">\n<div class=\"wp-block-column is-layout-flow wp-block-column-is-layout-flow\" style=\"flex-basis:100%\"><\/div>\n\n\n\n<div class=\"wp-block-column is-layout-flow wp-block-column-is-layout-flow\"><\/div>\n<\/div>\n\n\n\n<figure class=\"wp-block-table is-style-stripes has-medium-font-size\"><table class=\"has-fixed-layout\"><tbody><tr><td><strong>FECHA<\/strong><\/td><td><strong>ASIGNACI\u00d3N<\/strong><\/td><td><strong>APLICACI\u00d3N<\/strong><\/td><td><strong>RESULTADOS<\/strong><\/td><\/tr><tr><td><strong>PRIMERA<\/strong><\/td><td>Del 26 al 28 de Junio 2024<\/td><td>Del 08 al 24 de Julio 2024<\/td><td>A partir del 29 de Julio 2024<\/td><\/tr><tr><td><strong>SEGUNDA<\/strong><\/td><td>Del 06 al 08 de Agosto 2024<\/td><td>Del 19 al 29 de Agosto 2024<\/td><td>A partir del 03 de Septiembre 2024<\/td><\/tr><tr><td><strong>TERCERA<\/strong><\/td><td>Del 10 al 12 de Septiembre 2024<\/td><td>Del 23 al 30 de Septiembre 2024<\/td><td>A partir del 03 de Octubre 2024<\/td><\/tr><tr><td><strong>CUARTA<\/strong><\/td><td>Del 08 al 10 de Octubre<\/td><td>Del 22 al 29 de Octubre 2024<\/td><td>A partir de 04 de Noviembre 2024<\/td><\/tr><\/tbody><\/table><figcaption class=\"wp-element-caption\"><strong>Calendario de Pruebas de Conocimientos B\u00e1sicos (PCB)<\/strong><\/figcaption><\/figure>\n\n\n\n<p><\/p>\n","protected":false},"excerpt":{"rendered":"<p>Inscripci\u00f3n Debes de Inscribirte y Asignarte a la Prueba seg\u00fan el requerimiento de la carrera a estudiar. Carrera Prueba B\u00e1sica que Requiere Profesorado Lenguaje Derecho Lenguaje Administraci\u00f3n Matem\u00e1tica Agronom\u00eda Lenguaje Requisitos Tarjeta de Orientaci\u00f3n Vocacional (tarjeta amarilla) o carn\u00e9 universitario. Documento de identificaci\u00f3n con fotograf\u00eda. Nota: realizada la inscripci\u00f3n no se efectuar\u00e1 ning\u00fan cambio en [&hellip;]<\/p>\n","protected":false},"author":1,"featured_media":0,"parent":0,"menu_order":0,"comment_status":"closed","ping_status":"closed","template":"","meta":{"iawp_total_views":45,"footnotes":""},"class_list":["post-42","page","type-page","status-publish","czr-hentry"],"_links":{"self":[{"href":"https:\/\/cunbav.usac.edu.gt\/index.php?rest_route=\/wp\/v2\/pages\/42","targetHints":{"allow":["GET"]}}],"collection":[{"href":"https:\/\/cunbav.usac.edu.gt\/index.php?rest_route=\/wp\/v2\/pages"}],"about":[{"href":"https:\/\/cunbav.usac.edu.gt\/index.php?rest_route=\/wp\/v2\/types\/page"}],"author":[{"embeddable":true,"href":"https:\/\/cunbav.usac.edu.gt\/index.php?rest_route=\/wp\/v2\/users\/1"}],"replies":[{"embeddable":true,"href":"https:\/\/cunbav.usac.edu.gt\/index.php?rest_route=%2Fwp%2Fv2%2Fcomments&post=42"}],"version-history":[{"count":6,"href":"https:\/\/cunbav.usac.edu.gt\/index.php?rest_route=\/wp\/v2\/pages\/42\/revisions"}],"predecessor-version":[{"id":149,"href":"https:\/\/cunbav.usac.edu.gt\/index.php?rest_route=\/wp\/v2\/pages\/42\/revisions\/149"}],"wp:attachment":[{"href":"https:\/\/cunbav.usac.edu.gt\/index.php?rest_route=%2Fwp%2Fv2%2Fmedia&parent=42"}],"curies":[{"name":"wp","href":"https:\/\/api.w.org\/{rel}","templated":true}]}}