{"id":44,"date":"2024-07-16T21:16:32","date_gmt":"2024-07-16T19:16:32","guid":{"rendered":"https:\/\/cunbav.usac.edu.gt\/?page_id=44"},"modified":"2025-03-13T23:19:06","modified_gmt":"2025-03-13T22:19:06","slug":"paso-3-p-e-pruebas-especificas","status":"publish","type":"page","link":"https:\/\/cunbav.usac.edu.gt\/?page_id=44","title":{"rendered":"PASO 3 | P.E. PRUEBAS ESPEC\u00cdFICAS"},"content":{"rendered":"\n<h2 class=\"wp-block-heading has-text-align-center has-vivid-cyan-blue-color has-text-color has-link-color has-large-font-size wp-elements-3e5a2c154d279bc2746ece1d866cfe98\"><strong>Pruebas Espec\u00edficas<\/strong><\/h2>\n\n\n\n<p class=\"has-text-align-left has-medium-font-size\">Son los instrumentos de evaluaci\u00f3n que miden exclusivamente conocimientos, aptitudes, habilidades y destrezas espec\u00edficas, requeridas por cada unidad acad\u00e9mica de acuerdo a los perfiles de las carreras.<\/p>\n\n\n\n<p class=\"has-medium-font-size\">Corresponden al paso siguiente despu\u00e9s de obtener resultado Satisfactorio en las Pruebas de Conocimientos B\u00e1sicos.<\/p>\n\n\n\n<h2 class=\"wp-block-heading has-text-align-left has-vivid-cyan-blue-color has-text-color has-link-color has-large-font-size wp-elements-365d8b9747cd0782259b9bb127e9808e\">Requisitos:<\/h2>\n\n\n\n<ul class=\"wp-block-list\">\n<li class=\"has-medium-font-size\">Tarjeta de Orientaci\u00f3n Vocacional (tarjeta amarilla) o carn\u00e9 universitario.<\/li>\n\n\n\n<li class=\"has-medium-font-size\">Prueba de Conocimiento B\u00e1sica Aprobada seg\u00fan Carrera<\/li>\n\n\n\n<li class=\"has-medium-font-size\">Documento de identificaci\u00f3n con fotograf\u00eda.<\/li>\n<\/ul>\n\n\n\n<p class=\"has-medium-font-size\"><strong>Nota: realizada la inscripci\u00f3n no se efectuar\u00e1 ning\u00fan cambio en la misma.<\/strong><\/p>\n\n\n\n<p class=\"has-vivid-cyan-blue-color has-text-color has-link-color has-large-font-size wp-elements-c6f6c79da4224183564c0935c340164c\"><strong>Aplicaci\u00f3n<\/strong><\/p>\n\n\n\n<p class=\"has-medium-font-size\">La fecha, lugar, hora y sal\u00f3n se indica en la constancia de inscripci\u00f3n que se te entrega en el momento en que te inscribes a las Pruebas de Conocimientos Espec\u00edficos.<\/p>\n\n\n\n<h2 class=\"wp-block-heading has-text-align-center has-vivid-cyan-blue-color has-text-color has-link-color has-medium-font-size wp-elements-5b8d09e2a7c00e645fb530f99fb96053\">FECHAS PRUEBAS ESPECIFICAS INGRESO 2025<\/h2>\n\n\n\n<figure class=\"wp-block-table has-medium-font-size\"><table class=\"has-pale-cyan-blue-background-color has-background\"><tbody><tr><td><strong>FECHA<\/strong><\/td><td><strong>ASIGNACI\u00d3N<\/strong><\/td><td><strong>APLICACI\u00d3N<\/strong><\/td><td>R<strong>ESULTADOS<\/strong><\/td><\/tr><tr><td><strong>PRIMERA<\/strong><\/td><td>Del 05 al 09 de Agosto 2024<\/td><td>15 de agosto 2024<\/td><td>A partir del 20 de Agosto 2024<\/td><\/tr><tr><td><strong>SEGUNDA<\/strong><\/td><td>Del 05 al 11 de Septiembre 2024<\/td><td>18 de Septiembre 2024<\/td><td>A partir del 24 de Septiembre 2024<\/td><\/tr><tr><td><strong>TERCERA<\/strong><\/td><td>Del 07 al 11 de Octubre 2024<\/td><td>16 de Octubre 2024<\/td><td>A partir del 22 de Octubre  2024<\/td><\/tr><tr><td><strong>CUARTA<\/strong><\/td><td>Del 05 al 11 de Noviembre 2024 <\/td><td>14 de Noviembre 2024<\/td><td>A partir del 20 de Noviembre 2024<\/td><\/tr><\/tbody><\/table><figcaption class=\"wp-element-caption\"><strong>Centro Universitario de Baja Verapaz.   Cel: 32657983<\/strong><\/figcaption><\/figure>\n\n\n\n<p class=\"has-text-align-center has-vivid-green-cyan-color has-text-color has-link-color has-large-font-size wp-elements-5cea04a4de8edc2226f5a59eb8aaaaae\"><strong>Temarios de Estudio<\/strong><\/p>\n\n\n\n<ul class=\"wp-block-list\">\n<li><a href=\"https:\/\/cunbav.usac.edu.gt\/wp-content\/uploads\/2025\/03\/ADMINISTRACION.pdf\" target=\"_blank\" rel=\"noreferrer noopener\">Administraci\u00f3n<\/a><\/li>\n\n\n\n<li><a href=\"https:\/\/cunbav.usac.edu.gt\/wp-content\/uploads\/2025\/03\/AGRONOMIA.pdf\" target=\"_blank\" rel=\"noreferrer noopener\">Agronom\u00eda<\/a><\/li>\n\n\n\n<li><a href=\"https:\/\/cunbav.usac.edu.gt\/wp-content\/uploads\/2025\/03\/DERECHO.pdf\" target=\"_blank\" rel=\"noreferrer noopener\">Derecho<\/a><\/li>\n\n\n\n<li><a href=\"https:\/\/cunbav.usac.edu.gt\/wp-content\/uploads\/2025\/03\/PEDAGOGIA.pdf\" target=\"_blank\" rel=\"noreferrer noopener\">Pedagog\u00eda<\/a><\/li>\n<\/ul>\n\n\n\n<p><\/p>\n","protected":false},"excerpt":{"rendered":"<p>Pruebas Espec\u00edficas Son los instrumentos de evaluaci\u00f3n que miden exclusivamente conocimientos, aptitudes, habilidades y destrezas espec\u00edficas, requeridas por cada unidad acad\u00e9mica de acuerdo a los perfiles de las carreras. Corresponden al paso siguiente despu\u00e9s de obtener resultado Satisfactorio en las Pruebas de Conocimientos B\u00e1sicos. Requisitos: Nota: realizada la inscripci\u00f3n no se efectuar\u00e1 ning\u00fan cambio en [&hellip;]<\/p>\n","protected":false},"author":1,"featured_media":0,"parent":0,"menu_order":0,"comment_status":"closed","ping_status":"closed","template":"","meta":{"iawp_total_views":22,"footnotes":""},"class_list":["post-44","page","type-page","status-publish","czr-hentry"],"_links":{"self":[{"href":"https:\/\/cunbav.usac.edu.gt\/index.php?rest_route=\/wp\/v2\/pages\/44","targetHints":{"allow":["GET"]}}],"collection":[{"href":"https:\/\/cunbav.usac.edu.gt\/index.php?rest_route=\/wp\/v2\/pages"}],"about":[{"href":"https:\/\/cunbav.usac.edu.gt\/index.php?rest_route=\/wp\/v2\/types\/page"}],"author":[{"embeddable":true,"href":"https:\/\/cunbav.usac.edu.gt\/index.php?rest_route=\/wp\/v2\/users\/1"}],"replies":[{"embeddable":true,"href":"https:\/\/cunbav.usac.edu.gt\/index.php?rest_route=%2Fwp%2Fv2%2Fcomments&post=44"}],"version-history":[{"count":3,"href":"https:\/\/cunbav.usac.edu.gt\/index.php?rest_route=\/wp\/v2\/pages\/44\/revisions"}],"predecessor-version":[{"id":353,"href":"https:\/\/cunbav.usac.edu.gt\/index.php?rest_route=\/wp\/v2\/pages\/44\/revisions\/353"}],"wp:attachment":[{"href":"https:\/\/cunbav.usac.edu.gt\/index.php?rest_route=%2Fwp%2Fv2%2Fmedia&parent=44"}],"curies":[{"name":"wp","href":"https:\/\/api.w.org\/{rel}","templated":true}]}}