{"id":58,"date":"2024-07-16T21:27:15","date_gmt":"2024-07-16T19:27:15","guid":{"rendered":"https:\/\/cunbav.usac.edu.gt\/?page_id=58"},"modified":"2025-03-13T22:59:01","modified_gmt":"2025-03-13T21:59:01","slug":"bufete-popular","status":"publish","type":"page","link":"https:\/\/cunbav.usac.edu.gt\/?page_id=58","title":{"rendered":"BUFETE POPULAR"},"content":{"rendered":"\n<h1 class=\"wp-block-heading has-text-align-center has-vivid-red-color has-text-color has-link-color has-large-font-size wp-elements-ec08e4ec9561b07d2eebb24d75172171\"><strong>Brindamos servicio a todas las personas de escasos recursos.<\/strong><\/h1>\n\n\n\n<h4 class=\"wp-block-heading has-medium-font-size\"><strong>ATENCI\u00d3N: De lunes a viernes de 08:00 am a 16:00 <\/strong>pm.<\/h4>\n\n\n\n<h4 class=\"wp-block-heading has-medium-font-size\"><strong>TEL\u00c9FONO: 7725-3637<\/strong><\/h4>\n\n\n\n<h4 class=\"wp-block-heading has-medium-font-size\"><strong>CORREO ELECTR\u00d3NICO: bufetepopularcunbav@gmail.com<\/strong><\/h4>\n\n\n\n<h4 class=\"wp-block-heading has-medium-font-size\">DIRECCI\u00d3N: 4ta calle 1-68 zona 1, Barrio Agua Caliente, Salam\u00e1 Baja Verapaz. Referencia: a 100 metros de Colegio Monte Elim.<\/h4>\n\n\n\n<p class=\"has-text-align-center has-vivid-red-color has-text-color has-link-color has-x-large-font-size wp-elements-ab54fbf2ce975925985ecbbc9b0df162\"><strong>Asesor\u00eda Legal en las siguientes \u00c1reas de Derecho:<\/strong><\/p>\n\n\n\n<p class=\"has-large-font-size\"><strong>Ramo de Familia<\/strong><\/p>\n\n\n\n<ul class=\"wp-block-list\">\n<li>Fijaci\u00f3n de Alimentos.<\/li>\n\n\n\n<li>Aumento de Pensi\u00f3n Alimenticia.<\/li>\n\n\n\n<li>Suspensi\u00f3n de la Obligaci\u00f3n de Prestar Alimentos.<\/li>\n\n\n\n<li>Extinci\u00f3n de la Obligaci\u00f3n de Prestar Alimentos.<\/li>\n\n\n\n<li>Juicio oral de Guarda y Custodia.<\/li>\n\n\n\n<li>Juicio Oral de Divorcio por Causa Determinada.<\/li>\n\n\n\n<li>Juicio Oral de Paternidad y Filiaci\u00f3n Extramatrimonial.<\/li>\n\n\n\n<li>Juicio ejecutivo para Cobro de Pensi\u00f3n Alimenticia Atrasada. <\/li>\n<\/ul>\n\n\n\n<p class=\"has-large-font-size\"><strong>Ramo Laboral<\/strong><\/p>\n\n\n\n<ol class=\"wp-block-list\">\n<li class=\"has-medium-font-size\">Juicio ordinario laboral<\/li>\n\n\n\n<li class=\"has-medium-font-size\">Incidente post-mortem de declaratoria de beneficiarios (se muri\u00f3 el trabajador).<\/li>\n<\/ol>\n\n\n\n<p><\/p>\n","protected":false},"excerpt":{"rendered":"<p>Brindamos servicio a todas las personas de escasos recursos. ATENCI\u00d3N: De lunes a viernes de 08:00 am a 16:00 pm. TEL\u00c9FONO: 7725-3637 CORREO ELECTR\u00d3NICO: bufetepopularcunbav@gmail.com DIRECCI\u00d3N: 4ta calle 1-68 zona 1, Barrio Agua Caliente, Salam\u00e1 Baja Verapaz. Referencia: a 100 metros de Colegio Monte Elim. Asesor\u00eda Legal en las siguientes \u00c1reas de Derecho: Ramo de [&hellip;]<\/p>\n","protected":false},"author":1,"featured_media":0,"parent":0,"menu_order":0,"comment_status":"closed","ping_status":"closed","template":"","meta":{"iawp_total_views":41,"footnotes":""},"class_list":["post-58","page","type-page","status-publish","czr-hentry"],"_links":{"self":[{"href":"https:\/\/cunbav.usac.edu.gt\/index.php?rest_route=\/wp\/v2\/pages\/58","targetHints":{"allow":["GET"]}}],"collection":[{"href":"https:\/\/cunbav.usac.edu.gt\/index.php?rest_route=\/wp\/v2\/pages"}],"about":[{"href":"https:\/\/cunbav.usac.edu.gt\/index.php?rest_route=\/wp\/v2\/types\/page"}],"author":[{"embeddable":true,"href":"https:\/\/cunbav.usac.edu.gt\/index.php?rest_route=\/wp\/v2\/users\/1"}],"replies":[{"embeddable":true,"href":"https:\/\/cunbav.usac.edu.gt\/index.php?rest_route=%2Fwp%2Fv2%2Fcomments&post=58"}],"version-history":[{"count":8,"href":"https:\/\/cunbav.usac.edu.gt\/index.php?rest_route=\/wp\/v2\/pages\/58\/revisions"}],"predecessor-version":[{"id":336,"href":"https:\/\/cunbav.usac.edu.gt\/index.php?rest_route=\/wp\/v2\/pages\/58\/revisions\/336"}],"wp:attachment":[{"href":"https:\/\/cunbav.usac.edu.gt\/index.php?rest_route=%2Fwp%2Fv2%2Fmedia&parent=58"}],"curies":[{"name":"wp","href":"https:\/\/api.w.org\/{rel}","templated":true}]}}