{"id":63,"date":"2024-07-16T21:31:32","date_gmt":"2024-07-16T19:31:32","guid":{"rendered":"https:\/\/cunbav.usac.edu.gt\/?page_id=63"},"modified":"2024-07-16T22:29:11","modified_gmt":"2024-07-16T20:29:11","slug":"contactanos","status":"publish","type":"page","link":"https:\/\/cunbav.usac.edu.gt\/?page_id=63","title":{"rendered":"CONT\u00c1CTANOS"},"content":{"rendered":"\n<h1 class=\"wp-block-heading alignfull has-text-align-center has-white-color has-text-color has-background has-link-color wp-elements-51003f9ddf7205a31928d72146812a2e\" style=\"background-color:#002473\">Tel\u00e9fonos<\/h1>\n\n\n\n<div class=\"wp-block-columns alignfull is-layout-flex wp-container-core-columns-is-layout-9d6595d7 wp-block-columns-is-layout-flex\">\n<div class=\"wp-block-column is-layout-flow wp-block-column-is-layout-flow\"><\/div>\n\n\n\n<div class=\"wp-block-column has-background is-layout-flow wp-block-column-is-layout-flow\" style=\"background-color:#ecedee\"><div class=\"wp-block-image\">\n<figure class=\"aligncenter size-full is-resized\"><img loading=\"lazy\" decoding=\"async\" width=\"350\" height=\"350\" src=\"https:\/\/cunbav.usac.edu.gt\/wp-content\/uploads\/2024\/07\/dissDGF2020-04.png\" alt=\"\" class=\"wp-image-66\" style=\"width:100px;height:auto\" srcset=\"https:\/\/cunbav.usac.edu.gt\/wp-content\/uploads\/2024\/07\/dissDGF2020-04.png 350w, https:\/\/cunbav.usac.edu.gt\/wp-content\/uploads\/2024\/07\/dissDGF2020-04-300x300.png 300w, https:\/\/cunbav.usac.edu.gt\/wp-content\/uploads\/2024\/07\/dissDGF2020-04-150x150.png 150w\" sizes=\"auto, (max-width: 350px) 100vw, 350px\" \/><\/figure>\n<\/div>\n\n\n<h2 class=\"wp-block-heading has-text-align-center has-black-color has-text-color has-link-color wp-elements-3817573d65515695e2ebf757733c4979\"><strong>Orientador Vocacional<\/strong><\/h2>\n\n\n<div class=\"wp-block-image\">\n<figure class=\"aligncenter size-full is-resized\"><img loading=\"lazy\" decoding=\"async\" width=\"181\" height=\"181\" src=\"https:\/\/cunbav.usac.edu.gt\/wp-content\/uploads\/2024\/07\/iconphone.png\" alt=\"\" class=\"wp-image-67\" style=\"width:100px\" srcset=\"https:\/\/cunbav.usac.edu.gt\/wp-content\/uploads\/2024\/07\/iconphone.png 181w, https:\/\/cunbav.usac.edu.gt\/wp-content\/uploads\/2024\/07\/iconphone-150x150.png 150w\" sizes=\"auto, (max-width: 181px) 100vw, 181px\" \/><\/figure>\n<\/div>\n\n\n<h3 class=\"wp-block-heading has-text-align-center has-black-color has-text-color has-link-color wp-elements-397bf230512479230db3437185a92c84\"><strong>5875-4836<\/strong><\/h3>\n\n\n<div class=\"wp-block-image\">\n<figure class=\"aligncenter size-full is-resized\"><img loading=\"lazy\" decoding=\"async\" width=\"181\" height=\"181\" src=\"https:\/\/cunbav.usac.edu.gt\/wp-content\/uploads\/2024\/07\/iconreloj.png\" alt=\"\" class=\"wp-image-68\" style=\"width:100px;height:auto\" srcset=\"https:\/\/cunbav.usac.edu.gt\/wp-content\/uploads\/2024\/07\/iconreloj.png 181w, https:\/\/cunbav.usac.edu.gt\/wp-content\/uploads\/2024\/07\/iconreloj-150x150.png 150w\" sizes=\"auto, (max-width: 181px) 100vw, 181px\" \/><\/figure>\n<\/div>\n\n\n<h3 class=\"wp-block-heading has-text-align-center\">09:00 a 13:00 horas.<\/h3>\n<\/div>\n\n\n\n<div class=\"wp-block-column is-layout-flow wp-block-column-is-layout-flow\"><div class=\"wp-block-image\">\n<figure class=\"aligncenter size-full is-resized\"><img loading=\"lazy\" decoding=\"async\" width=\"350\" height=\"350\" src=\"https:\/\/cunbav.usac.edu.gt\/wp-content\/uploads\/2024\/07\/dissDGF2020-04.png\" alt=\"\" class=\"wp-image-66\" style=\"width:100px;height:auto\" srcset=\"https:\/\/cunbav.usac.edu.gt\/wp-content\/uploads\/2024\/07\/dissDGF2020-04.png 350w, https:\/\/cunbav.usac.edu.gt\/wp-content\/uploads\/2024\/07\/dissDGF2020-04-300x300.png 300w, https:\/\/cunbav.usac.edu.gt\/wp-content\/uploads\/2024\/07\/dissDGF2020-04-150x150.png 150w\" sizes=\"auto, (max-width: 350px) 100vw, 350px\" \/><\/figure>\n<\/div>\n\n\n<h2 class=\"wp-block-heading has-text-align-center\"><strong>Procesos de Nuevo Ingreso<\/strong><\/h2>\n\n\n<div class=\"wp-block-image\">\n<figure class=\"aligncenter size-full is-resized\"><img loading=\"lazy\" decoding=\"async\" width=\"181\" height=\"181\" src=\"https:\/\/cunbav.usac.edu.gt\/wp-content\/uploads\/2024\/07\/iconphone.png\" alt=\"\" class=\"wp-image-67\" style=\"width:100px\" srcset=\"https:\/\/cunbav.usac.edu.gt\/wp-content\/uploads\/2024\/07\/iconphone.png 181w, https:\/\/cunbav.usac.edu.gt\/wp-content\/uploads\/2024\/07\/iconphone-150x150.png 150w\" sizes=\"auto, (max-width: 181px) 100vw, 181px\" \/><\/figure>\n<\/div>\n\n\n<h3 class=\"wp-block-heading has-text-align-center has-black-color has-text-color has-link-color wp-elements-0e6cca55a57b433a2f2c17cae20f72f5\"><strong>3265-7983<\/strong><\/h3>\n\n\n<div class=\"wp-block-image\">\n<figure class=\"aligncenter size-full is-resized\"><img loading=\"lazy\" decoding=\"async\" width=\"181\" height=\"181\" src=\"https:\/\/cunbav.usac.edu.gt\/wp-content\/uploads\/2024\/07\/iconreloj.png\" alt=\"\" class=\"wp-image-68\" style=\"width:100px;height:auto\" srcset=\"https:\/\/cunbav.usac.edu.gt\/wp-content\/uploads\/2024\/07\/iconreloj.png 181w, https:\/\/cunbav.usac.edu.gt\/wp-content\/uploads\/2024\/07\/iconreloj-150x150.png 150w\" sizes=\"auto, (max-width: 181px) 100vw, 181px\" \/><\/figure>\n<\/div>\n\n\n<h3 class=\"wp-block-heading has-text-align-center\">Martes a S\u00e1bado<br>13:00 a 21:00 horas.<\/h3>\n<\/div>\n\n\n\n<div class=\"wp-block-column has-background is-layout-flow wp-block-column-is-layout-flow\" style=\"background-color:#ecedee\"><div class=\"wp-block-image\">\n<figure class=\"aligncenter size-full is-resized\"><img loading=\"lazy\" decoding=\"async\" width=\"350\" height=\"350\" src=\"https:\/\/cunbav.usac.edu.gt\/wp-content\/uploads\/2024\/07\/dissDGF2020-04.png\" alt=\"\" class=\"wp-image-66\" style=\"width:100px;height:auto\" srcset=\"https:\/\/cunbav.usac.edu.gt\/wp-content\/uploads\/2024\/07\/dissDGF2020-04.png 350w, https:\/\/cunbav.usac.edu.gt\/wp-content\/uploads\/2024\/07\/dissDGF2020-04-300x300.png 300w, https:\/\/cunbav.usac.edu.gt\/wp-content\/uploads\/2024\/07\/dissDGF2020-04-150x150.png 150w\" sizes=\"auto, (max-width: 350px) 100vw, 350px\" \/><\/figure>\n<\/div>\n\n\n<h2 class=\"wp-block-heading has-text-align-center\"><strong>Control Acad\u00e9mico<\/strong><\/h2>\n\n\n<div class=\"wp-block-image\">\n<figure class=\"aligncenter size-full is-resized\"><img loading=\"lazy\" decoding=\"async\" width=\"181\" height=\"181\" src=\"https:\/\/cunbav.usac.edu.gt\/wp-content\/uploads\/2024\/07\/iconphone.png\" alt=\"\" class=\"wp-image-67\" style=\"width:100px\" srcset=\"https:\/\/cunbav.usac.edu.gt\/wp-content\/uploads\/2024\/07\/iconphone.png 181w, https:\/\/cunbav.usac.edu.gt\/wp-content\/uploads\/2024\/07\/iconphone-150x150.png 150w\" sizes=\"auto, (max-width: 181px) 100vw, 181px\" \/><\/figure>\n<\/div>\n\n\n<h3 class=\"wp-block-heading has-text-align-center has-black-color has-text-color has-link-color wp-elements-cac4fe862de0f9fbe3c452218811822b\"><strong>4968-0758<\/strong><\/h3>\n\n\n<div class=\"wp-block-image\">\n<figure class=\"aligncenter size-full is-resized\"><img loading=\"lazy\" decoding=\"async\" width=\"181\" height=\"181\" src=\"https:\/\/cunbav.usac.edu.gt\/wp-content\/uploads\/2024\/07\/iconreloj.png\" alt=\"\" class=\"wp-image-68\" style=\"width:100px;height:auto\" srcset=\"https:\/\/cunbav.usac.edu.gt\/wp-content\/uploads\/2024\/07\/iconreloj.png 181w, https:\/\/cunbav.usac.edu.gt\/wp-content\/uploads\/2024\/07\/iconreloj-150x150.png 150w\" sizes=\"auto, (max-width: 181px) 100vw, 181px\" \/><\/figure>\n<\/div>\n\n\n<h3 class=\"wp-block-heading has-text-align-center\">Lunes a Viernes<br>09:00 a 17:00 horas.<\/h3>\n<\/div>\n\n\n\n<div class=\"wp-block-column is-layout-flow wp-block-column-is-layout-flow\"><div class=\"wp-block-image\">\n<figure class=\"aligncenter size-full is-resized\"><img loading=\"lazy\" decoding=\"async\" width=\"350\" height=\"350\" src=\"https:\/\/cunbav.usac.edu.gt\/wp-content\/uploads\/2024\/07\/dissDGF2020-04.png\" alt=\"\" class=\"wp-image-66\" style=\"width:100px;height:auto\" srcset=\"https:\/\/cunbav.usac.edu.gt\/wp-content\/uploads\/2024\/07\/dissDGF2020-04.png 350w, https:\/\/cunbav.usac.edu.gt\/wp-content\/uploads\/2024\/07\/dissDGF2020-04-300x300.png 300w, https:\/\/cunbav.usac.edu.gt\/wp-content\/uploads\/2024\/07\/dissDGF2020-04-150x150.png 150w\" sizes=\"auto, (max-width: 350px) 100vw, 350px\" \/><\/figure>\n<\/div>\n\n\n<h2 class=\"wp-block-heading has-text-align-center\"><strong>Secretar\u00eda<\/strong><\/h2>\n\n\n\n<h5 class=\"wp-block-heading has-text-align-center\"><strong>Tr\u00e1mites de Equivalencias y Graduaciones<\/strong><\/h5>\n\n\n<div class=\"wp-block-image\">\n<figure class=\"aligncenter size-full is-resized\"><img loading=\"lazy\" decoding=\"async\" width=\"181\" height=\"181\" src=\"https:\/\/cunbav.usac.edu.gt\/wp-content\/uploads\/2024\/07\/iconphone.png\" alt=\"\" class=\"wp-image-67\" style=\"width:100px\" srcset=\"https:\/\/cunbav.usac.edu.gt\/wp-content\/uploads\/2024\/07\/iconphone.png 181w, https:\/\/cunbav.usac.edu.gt\/wp-content\/uploads\/2024\/07\/iconphone-150x150.png 150w\" sizes=\"auto, (max-width: 181px) 100vw, 181px\" \/><\/figure>\n<\/div>\n\n\n<h3 class=\"wp-block-heading has-text-align-center has-black-color has-text-color has-link-color wp-elements-aefdeed5047c2359f0263f93a8d8348f\"><strong>3797-4862<\/strong><\/h3>\n\n\n<div class=\"wp-block-image\">\n<figure class=\"aligncenter size-full is-resized\"><img loading=\"lazy\" decoding=\"async\" width=\"181\" height=\"181\" src=\"https:\/\/cunbav.usac.edu.gt\/wp-content\/uploads\/2024\/07\/iconreloj.png\" alt=\"\" class=\"wp-image-68\" style=\"width:100px;height:auto\" srcset=\"https:\/\/cunbav.usac.edu.gt\/wp-content\/uploads\/2024\/07\/iconreloj.png 181w, https:\/\/cunbav.usac.edu.gt\/wp-content\/uploads\/2024\/07\/iconreloj-150x150.png 150w\" sizes=\"auto, (max-width: 181px) 100vw, 181px\" \/><\/figure>\n<\/div>\n\n\n<h3 class=\"wp-block-heading has-text-align-center\">Lunes a Viernes<br>13:00 a 21:00 horas.<\/h3>\n<\/div>\n\n\n\n<div class=\"wp-block-column is-layout-flow wp-block-column-is-layout-flow\"><\/div>\n<\/div>\n\n\n\n<h1 class=\"wp-block-heading alignfull has-text-align-center has-white-color has-text-color has-background has-link-color wp-elements-d7c4268814b98e1467c98b37730b6cff\" style=\"background-color:#002473\">Ubicaci\u00f3n<\/h1>\n\n\n\n<iframe src=\"https:\/\/www.google.com\/maps\/embed?pb=!1m18!1m12!1m3!1d656.7660604659627!2d-90.36995076709825!3d15.114049250377368!2m3!1f0!2f0!3f0!3m2!1i1024!2i768!4f13.1!3m3!1m2!1s0x858a214e01f5d08d%3A0x65b0444c1898381d!2sCentro%20Universitario%20de%20Baja%20Verapaz%20USAC%20CUNBAV!5e0!3m2!1ses-419!2sgt!4v1721159881691!5m2!1ses-419!2sgt\" width=\"1200\" height=\"500\" style=\"border:0;\" allowfullscreen=\"\" loading=\"lazy\" referrerpolicy=\"no-referrer-when-downgrade\"><\/iframe>\n","protected":false},"excerpt":{"rendered":"<p>Tel\u00e9fonos Orientador Vocacional 5875-4836 09:00 a 13:00 horas. Procesos de Nuevo Ingreso 3265-7983 Martes a S\u00e1bado13:00 a 21:00 horas. Control Acad\u00e9mico 4968-0758 Lunes a Viernes09:00 a 17:00 horas. Secretar\u00eda Tr\u00e1mites de Equivalencias y Graduaciones 3797-4862 Lunes a Viernes13:00 a 21:00 horas. Ubicaci\u00f3n<\/p>\n","protected":false},"author":1,"featured_media":0,"parent":0,"menu_order":0,"comment_status":"closed","ping_status":"closed","template":"","meta":{"iawp_total_views":42,"footnotes":""},"class_list":["post-63","page","type-page","status-publish","czr-hentry"],"_links":{"self":[{"href":"https:\/\/cunbav.usac.edu.gt\/index.php?rest_route=\/wp\/v2\/pages\/63","targetHints":{"allow":["GET"]}}],"collection":[{"href":"https:\/\/cunbav.usac.edu.gt\/index.php?rest_route=\/wp\/v2\/pages"}],"about":[{"href":"https:\/\/cunbav.usac.edu.gt\/index.php?rest_route=\/wp\/v2\/types\/page"}],"author":[{"embeddable":true,"href":"https:\/\/cunbav.usac.edu.gt\/index.php?rest_route=\/wp\/v2\/users\/1"}],"replies":[{"embeddable":true,"href":"https:\/\/cunbav.usac.edu.gt\/index.php?rest_route=%2Fwp%2Fv2%2Fcomments&post=63"}],"version-history":[{"count":9,"href":"https:\/\/cunbav.usac.edu.gt\/index.php?rest_route=\/wp\/v2\/pages\/63\/revisions"}],"predecessor-version":[{"id":83,"href":"https:\/\/cunbav.usac.edu.gt\/index.php?rest_route=\/wp\/v2\/pages\/63\/revisions\/83"}],"wp:attachment":[{"href":"https:\/\/cunbav.usac.edu.gt\/index.php?rest_route=%2Fwp%2Fv2%2Fmedia&parent=63"}],"curies":[{"name":"wp","href":"https:\/\/api.w.org\/{rel}","templated":true}]}}